{"id":186,"date":"2024-07-08T22:04:38","date_gmt":"2024-07-08T20:04:38","guid":{"rendered":"https:\/\/monsacamainfaitmain.com\/?post_type=product&#038;p=186"},"modified":"2025-11-25T09:19:47","modified_gmt":"2025-11-25T08:19:47","slug":"moutarde-etoilee-laniere-marron","status":"publish","type":"product","link":"https:\/\/monsacamainfaitmain.com\/index.php\/produit\/moutarde-etoilee-laniere-marron\/","title":{"rendered":"Moutarde \u00e9toil\u00e9e (lani\u00e8re marron)"},"content":{"rendered":"","protected":false},"excerpt":{"rendered":"<p>Sac besace<\/p>\n<p>100% coton<\/p>\n<p>100% fait \u00e0 la main<\/p>\n<p>Couleur Rouge Rustique<\/p>\n","protected":false},"featured_media":187,"comment_status":"open","ping_status":"closed","template":"","meta":{"advanced_seo_description":"","jetpack_seo_html_title":"","jetpack_seo_noindex":false},"product_cat":[15],"product_tag":[],"class_list":{"0":"post-186","1":"product","2":"type-product","3":"status-publish","4":"has-post-thumbnail","6":"product_cat-non-classe","8":"first","9":"instock","10":"shipping-taxable","11":"purchasable","12":"product-type-simple"},"jetpack_sharing_enabled":true,"_links":{"self":[{"href":"https:\/\/monsacamainfaitmain.com\/index.php\/wp-json\/wp\/v2\/product\/186","targetHints":{"allow":["GET"]}}],"collection":[{"href":"https:\/\/monsacamainfaitmain.com\/index.php\/wp-json\/wp\/v2\/product"}],"about":[{"href":"https:\/\/monsacamainfaitmain.com\/index.php\/wp-json\/wp\/v2\/types\/product"}],"replies":[{"embeddable":true,"href":"https:\/\/monsacamainfaitmain.com\/index.php\/wp-json\/wp\/v2\/comments?post=186"}],"wp:featuredmedia":[{"embeddable":true,"href":"https:\/\/monsacamainfaitmain.com\/index.php\/wp-json\/wp\/v2\/media\/187"}],"wp:attachment":[{"href":"https:\/\/monsacamainfaitmain.com\/index.php\/wp-json\/wp\/v2\/media?parent=186"}],"wp:term":[{"taxonomy":"product_cat","embeddable":true,"href":"https:\/\/monsacamainfaitmain.com\/index.php\/wp-json\/wp\/v2\/product_cat?post=186"},{"taxonomy":"product_tag","embeddable":true,"href":"https:\/\/monsacamainfaitmain.com\/index.php\/wp-json\/wp\/v2\/product_tag?post=186"}],"curies":[{"name":"wp","href":"https:\/\/api.w.org\/{rel}","templated":true}]}}