{"id":173,"date":"2024-07-08T21:54:38","date_gmt":"2024-07-08T19:54:38","guid":{"rendered":"https:\/\/monsacamainfaitmain.com\/?post_type=product&#038;p=173"},"modified":"2024-08-18T18:12:41","modified_gmt":"2024-08-18T16:12:41","slug":"prune-etoilee-laniere-marron","status":"publish","type":"product","link":"https:\/\/monsacamainfaitmain.com\/index.php\/produit\/prune-etoilee-laniere-marron\/","title":{"rendered":"Prune \u00e9toil\u00e9e (lani\u00e8re marron)"},"content":{"rendered":"","protected":false},"excerpt":{"rendered":"<p>Sac besace<\/p>\n<p>100% coton<\/p>\n<p>100% fait \u00e0 la main<\/p>\n<p>Couleur Rouge Rustique<\/p>\n","protected":false},"featured_media":176,"comment_status":"open","ping_status":"closed","template":"","meta":{"advanced_seo_description":"","jetpack_seo_html_title":"","jetpack_seo_noindex":false},"product_cat":[15],"product_tag":[],"class_list":{"0":"post-173","1":"product","2":"type-product","3":"status-publish","4":"has-post-thumbnail","6":"product_cat-non-classe","8":"first","9":"outofstock","10":"shipping-taxable","11":"purchasable","12":"product-type-simple"},"jetpack_sharing_enabled":true,"_links":{"self":[{"href":"https:\/\/monsacamainfaitmain.com\/index.php\/wp-json\/wp\/v2\/product\/173","targetHints":{"allow":["GET"]}}],"collection":[{"href":"https:\/\/monsacamainfaitmain.com\/index.php\/wp-json\/wp\/v2\/product"}],"about":[{"href":"https:\/\/monsacamainfaitmain.com\/index.php\/wp-json\/wp\/v2\/types\/product"}],"replies":[{"embeddable":true,"href":"https:\/\/monsacamainfaitmain.com\/index.php\/wp-json\/wp\/v2\/comments?post=173"}],"wp:featuredmedia":[{"embeddable":true,"href":"https:\/\/monsacamainfaitmain.com\/index.php\/wp-json\/wp\/v2\/media\/176"}],"wp:attachment":[{"href":"https:\/\/monsacamainfaitmain.com\/index.php\/wp-json\/wp\/v2\/media?parent=173"}],"wp:term":[{"taxonomy":"product_cat","embeddable":true,"href":"https:\/\/monsacamainfaitmain.com\/index.php\/wp-json\/wp\/v2\/product_cat?post=173"},{"taxonomy":"product_tag","embeddable":true,"href":"https:\/\/monsacamainfaitmain.com\/index.php\/wp-json\/wp\/v2\/product_tag?post=173"}],"curies":[{"name":"wp","href":"https:\/\/api.w.org\/{rel}","templated":true}]}}