{"id":136,"date":"2024-07-08T21:20:40","date_gmt":"2024-07-08T19:20:40","guid":{"rendered":"https:\/\/monsacamainfaitmain.com\/?post_type=product&#038;p=136"},"modified":"2024-07-08T22:17:36","modified_gmt":"2024-07-08T20:17:36","slug":"terre-elegante-laniere-bleu-fonce","status":"publish","type":"product","link":"https:\/\/monsacamainfaitmain.com\/index.php\/produit\/terre-elegante-laniere-bleu-fonce\/","title":{"rendered":"Terre \u00e9l\u00e9gante (lani\u00e8re bleu fonc\u00e9)"},"content":{"rendered":"","protected":false},"excerpt":{"rendered":"<p>Sac besace<\/p>\n<p>100% coton<\/p>\n<p>100% fait \u00e0 la main<\/p>\n<p>Couleur Rouge Rustique<\/p>\n","protected":false},"featured_media":200,"comment_status":"open","ping_status":"closed","template":"","meta":{"advanced_seo_description":"","jetpack_seo_html_title":"","jetpack_seo_noindex":false},"product_cat":[15],"product_tag":[],"class_list":{"0":"post-136","1":"product","2":"type-product","3":"status-publish","4":"has-post-thumbnail","6":"product_cat-non-classe","8":"first","9":"instock","10":"shipping-taxable","11":"purchasable","12":"product-type-simple"},"jetpack_sharing_enabled":true,"_links":{"self":[{"href":"https:\/\/monsacamainfaitmain.com\/index.php\/wp-json\/wp\/v2\/product\/136","targetHints":{"allow":["GET"]}}],"collection":[{"href":"https:\/\/monsacamainfaitmain.com\/index.php\/wp-json\/wp\/v2\/product"}],"about":[{"href":"https:\/\/monsacamainfaitmain.com\/index.php\/wp-json\/wp\/v2\/types\/product"}],"replies":[{"embeddable":true,"href":"https:\/\/monsacamainfaitmain.com\/index.php\/wp-json\/wp\/v2\/comments?post=136"}],"wp:featuredmedia":[{"embeddable":true,"href":"https:\/\/monsacamainfaitmain.com\/index.php\/wp-json\/wp\/v2\/media\/200"}],"wp:attachment":[{"href":"https:\/\/monsacamainfaitmain.com\/index.php\/wp-json\/wp\/v2\/media?parent=136"}],"wp:term":[{"taxonomy":"product_cat","embeddable":true,"href":"https:\/\/monsacamainfaitmain.com\/index.php\/wp-json\/wp\/v2\/product_cat?post=136"},{"taxonomy":"product_tag","embeddable":true,"href":"https:\/\/monsacamainfaitmain.com\/index.php\/wp-json\/wp\/v2\/product_tag?post=136"}],"curies":[{"name":"wp","href":"https:\/\/api.w.org\/{rel}","templated":true}]}}