{"id":7,"date":"2024-04-01T21:05:09","date_gmt":"2024-04-01T19:05:09","guid":{"rendered":"https:\/\/monsacamainfaitmain.com\/index.php\/panier\/"},"modified":"2024-04-01T21:05:09","modified_gmt":"2024-04-01T19:05:09","slug":"panier","status":"publish","type":"page","link":"https:\/\/monsacamainfaitmain.com\/index.php\/panier\/","title":{"rendered":"Panier"},"content":{"rendered":"<div data-block-name=\"woocommerce\/cart\" class=\"wp-block-woocommerce-cart alignwide is-loading\"><div data-block-name=\"woocommerce\/filled-cart-block\" class=\"wp-block-woocommerce-filled-cart-block\"><div data-block-name=\"woocommerce\/cart-items-block\" class=\"wp-block-woocommerce-cart-items-block\"><div data-block-name=\"woocommerce\/cart-line-items-block\" class=\"wp-block-woocommerce-cart-line-items-block\"><\/div>\n\n<div data-block-name=\"woocommerce\/cart-cross-sells-block\" class=\"wp-block-woocommerce-cart-cross-sells-block\">\n<h2 class=\"wp-block-heading has-large-font-size\">\u00c7a peut vous int\u00e9resser&#8230;<\/h2>\n\n\n<div data-block-name=\"woocommerce\/cart-cross-sells-products-block\" class=\"wp-block-woocommerce-cart-cross-sells-products-block\"><\/div><\/div><\/div>\n\n<div data-block-name=\"woocommerce\/cart-totals-block\" class=\"wp-block-woocommerce-cart-totals-block\"><div data-block-name=\"woocommerce\/cart-order-summary-block\" class=\"wp-block-woocommerce-cart-order-summary-block\"><div data-block-name=\"woocommerce\/cart-order-summary-heading-block\" class=\"wp-block-woocommerce-cart-order-summary-heading-block\"><\/div>\n\n<div data-block-name=\"woocommerce\/cart-order-summary-coupon-form-block\" class=\"wp-block-woocommerce-cart-order-summary-coupon-form-block\"><\/div>\n\n<div data-block-name=\"woocommerce\/cart-order-summary-subtotal-block\" class=\"wp-block-woocommerce-cart-order-summary-subtotal-block\"><\/div>\n\n<div data-block-name=\"woocommerce\/cart-order-summary-fee-block\" class=\"wp-block-woocommerce-cart-order-summary-fee-block\"><\/div>\n\n<div data-block-name=\"woocommerce\/cart-order-summary-discount-block\" class=\"wp-block-woocommerce-cart-order-summary-discount-block\"><\/div>\n\n<div data-block-name=\"woocommerce\/cart-order-summary-shipping-block\" class=\"wp-block-woocommerce-cart-order-summary-shipping-block\"><\/div>\n\n<div data-block-name=\"woocommerce\/cart-order-summary-taxes-block\" class=\"wp-block-woocommerce-cart-order-summary-taxes-block\"><\/div><\/div>\n\n<div data-block-name=\"woocommerce\/cart-express-payment-block\" class=\"wp-block-woocommerce-cart-express-payment-block\"><\/div>\n\n<div data-block-name=\"woocommerce\/proceed-to-checkout-block\" class=\"wp-block-woocommerce-proceed-to-checkout-block\"><\/div>\n\n<div data-block-name=\"woocommerce\/cart-accepted-payment-methods-block\" class=\"wp-block-woocommerce-cart-accepted-payment-methods-block\"><\/div><\/div><\/div>\n\n<div data-block-name=\"woocommerce\/empty-cart-block\" class=\"wp-block-woocommerce-empty-cart-block\">\n<h2 class=\"wp-block-heading has-text-align-center with-empty-cart-icon wc-block-cart__empty-cart__title\">Votre panier est actuellement vide\u00a0!<\/h2>\n\n\n\n<hr class=\"wp-block-separator has-alpha-channel-opacity is-style-dots\"\/>\n\n\n\n<h2 class=\"wp-block-heading has-text-align-center\">Nouveau dans la boutique<\/h2>\n\n\n<div data-block-name=\"woocommerce\/product-new\" data-columns=\"4\" data-rows=\"1\" class=\"wc-block-grid wp-block-product-new wc-block-product-new has-4-columns\"><ul class=\"wc-block-grid__products\"><li class=\"wc-block-grid__product\">\n\t\t\t\t<a href=\"https:\/\/monsacamainfaitmain.com\/index.php\/produit\/terre-elegante-laniere-kaki\/\" class=\"wc-block-grid__product-link\">\n\t\t\t\t\t\n\t\t\t\t\t<div class=\"wc-block-grid__product-image\"><img loading=\"lazy\" decoding=\"async\" width=\"324\" height=\"324\" src=\"https:\/\/monsacamainfaitmain.com\/wp-content\/uploads\/2024\/07\/IMG_7861-scaled-e1720469568256-324x324.jpg\" class=\"attachment-woocommerce_thumbnail size-woocommerce_thumbnail\" alt=\"Terre \u00e9l\u00e9gante (lani\u00e8re kaki)\" srcset=\"https:\/\/monsacamainfaitmain.com\/wp-content\/uploads\/2024\/07\/IMG_7861-scaled-e1720469568256-324x324.jpg 324w, https:\/\/monsacamainfaitmain.com\/wp-content\/uploads\/2024\/07\/IMG_7861-scaled-e1720469568256-150x150.jpg 150w, https:\/\/monsacamainfaitmain.com\/wp-content\/uploads\/2024\/07\/IMG_7861-scaled-e1720469568256-100x100.jpg 100w\" sizes=\"auto, (max-width: 324px) 100vw, 324px\" \/><\/div>\n\t\t\t\t\t<div class=\"wc-block-grid__product-title\">Terre \u00e9l\u00e9gante (lani\u00e8re kaki)<\/div>\n\t\t\t\t<\/a>\n\t\t\t\t<div class=\"wc-block-grid__product-price price\"><span class=\"woocommerce-Price-amount amount\">59,00&nbsp;<span class=\"woocommerce-Price-currencySymbol\">&euro;<\/span><\/span><\/div>\n\t\t\t\t\n\t\t\t\t<div class=\"wp-block-button wc-block-grid__product-add-to-cart\"><a href=\"?add-to-cart=193\" aria-label=\"Add to cart: &ldquo;Terre \u00e9l\u00e9gante (lani\u00e8re kaki)&rdquo;\" data-quantity=\"1\" data-product_id=\"193\" data-product_sku=\"\" data-price=\"59\" rel=\"nofollow\" class=\"wp-block-button__link  add_to_cart_button ajax_add_to_cart\">Add to cart<\/a><\/div>\n\t\t\t<\/li><li class=\"wc-block-grid__product\">\n\t\t\t\t<a href=\"https:\/\/monsacamainfaitmain.com\/index.php\/produit\/rouge-rustique-ii\/\" class=\"wc-block-grid__product-link\">\n\t\t\t\t\t\n\t\t\t\t\t<div class=\"wc-block-grid__product-image\"><img loading=\"lazy\" decoding=\"async\" width=\"324\" height=\"324\" src=\"https:\/\/monsacamainfaitmain.com\/wp-content\/uploads\/2024\/07\/IMG_7855-scaled-e1720469384934-324x324.jpg\" class=\"attachment-woocommerce_thumbnail size-woocommerce_thumbnail\" alt=\"Rouge rustique II\" srcset=\"https:\/\/monsacamainfaitmain.com\/wp-content\/uploads\/2024\/07\/IMG_7855-scaled-e1720469384934-324x324.jpg 324w, https:\/\/monsacamainfaitmain.com\/wp-content\/uploads\/2024\/07\/IMG_7855-scaled-e1720469384934-150x150.jpg 150w, https:\/\/monsacamainfaitmain.com\/wp-content\/uploads\/2024\/07\/IMG_7855-scaled-e1720469384934-100x100.jpg 100w\" sizes=\"auto, (max-width: 324px) 100vw, 324px\" \/><\/div>\n\t\t\t\t\t<div class=\"wc-block-grid__product-title\">Rouge rustique II<\/div>\n\t\t\t\t<\/a>\n\t\t\t\t<div class=\"wc-block-grid__product-price price\"><span class=\"woocommerce-Price-amount amount\">59,00&nbsp;<span class=\"woocommerce-Price-currencySymbol\">&euro;<\/span><\/span><\/div>\n\t\t\t\t\n\t\t\t\t<div class=\"wp-block-button wc-block-grid__product-add-to-cart\"><a href=\"?add-to-cart=188\" aria-label=\"Add to cart: &ldquo;Rouge rustique II&rdquo;\" data-quantity=\"1\" data-product_id=\"188\" data-product_sku=\"\" data-price=\"59\" rel=\"nofollow\" class=\"wp-block-button__link  add_to_cart_button ajax_add_to_cart\">Add to cart<\/a><\/div>\n\t\t\t<\/li><li class=\"wc-block-grid__product\">\n\t\t\t\t<a href=\"https:\/\/monsacamainfaitmain.com\/index.php\/produit\/moutarde-etoilee-laniere-marron\/\" class=\"wc-block-grid__product-link\">\n\t\t\t\t\t\n\t\t\t\t\t<div class=\"wc-block-grid__product-image\"><img loading=\"lazy\" decoding=\"async\" width=\"324\" height=\"324\" src=\"https:\/\/monsacamainfaitmain.com\/wp-content\/uploads\/2024\/07\/IMG_7854-scaled-e1720469171671-324x324.jpg\" class=\"attachment-woocommerce_thumbnail size-woocommerce_thumbnail\" alt=\"Moutarde \u00e9toil\u00e9e (lani\u00e8re marron)\" srcset=\"https:\/\/monsacamainfaitmain.com\/wp-content\/uploads\/2024\/07\/IMG_7854-scaled-e1720469171671-324x324.jpg 324w, https:\/\/monsacamainfaitmain.com\/wp-content\/uploads\/2024\/07\/IMG_7854-scaled-e1720469171671-150x150.jpg 150w, https:\/\/monsacamainfaitmain.com\/wp-content\/uploads\/2024\/07\/IMG_7854-scaled-e1720469171671-100x100.jpg 100w\" sizes=\"auto, (max-width: 324px) 100vw, 324px\" \/><\/div>\n\t\t\t\t\t<div class=\"wc-block-grid__product-title\">Moutarde \u00e9toil\u00e9e (lani\u00e8re marron)<\/div>\n\t\t\t\t<\/a>\n\t\t\t\t<div class=\"wc-block-grid__product-price price\"><span class=\"woocommerce-Price-amount amount\">59,00&nbsp;<span class=\"woocommerce-Price-currencySymbol\">&euro;<\/span><\/span><\/div>\n\t\t\t\t\n\t\t\t\t<div class=\"wp-block-button wc-block-grid__product-add-to-cart\"><a href=\"?add-to-cart=186\" aria-label=\"Add to cart: &ldquo;Moutarde \u00e9toil\u00e9e (lani\u00e8re marron)&rdquo;\" data-quantity=\"1\" data-product_id=\"186\" data-product_sku=\"\" data-price=\"59\" rel=\"nofollow\" class=\"wp-block-button__link  add_to_cart_button ajax_add_to_cart\">Add to cart<\/a><\/div>\n\t\t\t<\/li><li class=\"wc-block-grid__product\">\n\t\t\t\t<a href=\"https:\/\/monsacamainfaitmain.com\/index.php\/produit\/moutarde-perlee-laniere-marron\/\" class=\"wc-block-grid__product-link\">\n\t\t\t\t\t\n\t\t\t\t\t<div class=\"wc-block-grid__product-image\"><img loading=\"lazy\" decoding=\"async\" width=\"324\" height=\"324\" src=\"https:\/\/monsacamainfaitmain.com\/wp-content\/uploads\/2024\/07\/IMG_7853-scaled-e1720469022469-324x324.jpg\" class=\"attachment-woocommerce_thumbnail size-woocommerce_thumbnail\" alt=\"Moutarde perl\u00e9e (lani\u00e8re marron)\" srcset=\"https:\/\/monsacamainfaitmain.com\/wp-content\/uploads\/2024\/07\/IMG_7853-scaled-e1720469022469-324x324.jpg 324w, https:\/\/monsacamainfaitmain.com\/wp-content\/uploads\/2024\/07\/IMG_7853-scaled-e1720469022469-150x150.jpg 150w, https:\/\/monsacamainfaitmain.com\/wp-content\/uploads\/2024\/07\/IMG_7853-scaled-e1720469022469-100x100.jpg 100w\" sizes=\"auto, (max-width: 324px) 100vw, 324px\" \/><\/div>\n\t\t\t\t\t<div class=\"wc-block-grid__product-title\">Moutarde perl\u00e9e (lani\u00e8re marron)<\/div>\n\t\t\t\t<\/a>\n\t\t\t\t<div class=\"wc-block-grid__product-price price\"><span class=\"woocommerce-Price-amount amount\">49,00&nbsp;<span class=\"woocommerce-Price-currencySymbol\">&euro;<\/span><\/span><\/div>\n\t\t\t\t\n\t\t\t\t<div class=\"wp-block-button wc-block-grid__product-add-to-cart\"><a href=\"?add-to-cart=183\" aria-label=\"Add to cart: &ldquo;Moutarde perl\u00e9e (lani\u00e8re marron)&rdquo;\" data-quantity=\"1\" data-product_id=\"183\" data-product_sku=\"\" data-price=\"49\" rel=\"nofollow\" class=\"wp-block-button__link  add_to_cart_button ajax_add_to_cart\">Add to cart<\/a><\/div>\n\t\t\t<\/li><\/ul><\/div><\/div><\/div>","protected":false},"excerpt":{"rendered":"","protected":false},"author":1,"featured_media":0,"parent":0,"menu_order":0,"comment_status":"closed","ping_status":"closed","template":"","meta":{"advanced_seo_description":"","jetpack_seo_html_title":"","jetpack_seo_noindex":false,"footnotes":""},"class_list":["post-7","page","type-page","status-publish","hentry"],"jetpack_sharing_enabled":true,"_links":{"self":[{"href":"https:\/\/monsacamainfaitmain.com\/index.php\/wp-json\/wp\/v2\/pages\/7","targetHints":{"allow":["GET"]}}],"collection":[{"href":"https:\/\/monsacamainfaitmain.com\/index.php\/wp-json\/wp\/v2\/pages"}],"about":[{"href":"https:\/\/monsacamainfaitmain.com\/index.php\/wp-json\/wp\/v2\/types\/page"}],"author":[{"embeddable":true,"href":"https:\/\/monsacamainfaitmain.com\/index.php\/wp-json\/wp\/v2\/users\/1"}],"replies":[{"embeddable":true,"href":"https:\/\/monsacamainfaitmain.com\/index.php\/wp-json\/wp\/v2\/comments?post=7"}],"version-history":[{"count":0,"href":"https:\/\/monsacamainfaitmain.com\/index.php\/wp-json\/wp\/v2\/pages\/7\/revisions"}],"wp:attachment":[{"href":"https:\/\/monsacamainfaitmain.com\/index.php\/wp-json\/wp\/v2\/media?parent=7"}],"curies":[{"name":"wp","href":"https:\/\/api.w.org\/{rel}","templated":true}]}}